{"id":8,"date":"2023-07-12T10:48:25","date_gmt":"2023-07-12T10:48:25","guid":{"rendered":"https:\/\/avocationus.ro\/?page_id=8"},"modified":"2024-06-06T18:09:22","modified_gmt":"2024-06-06T18:09:22","slug":"echipa","status":"publish","type":"page","link":"https:\/\/avocationus.ro\/?page_id=8","title":{"rendered":"Echipa"},"content":{"rendered":"\t\t<div data-elementor-type=\"wp-page\" data-elementor-id=\"8\" class=\"elementor elementor-8\">\n\t\t\t\t\t\t\t\t\t<section class=\"elementor-section elementor-top-section elementor-element elementor-element-f30c87f elementor-section-stretched elementor-section-boxed elementor-section-height-default elementor-section-height-default wpr-particle-no wpr-jarallax-no wpr-parallax-no wpr-sticky-section-no\" data-id=\"f30c87f\" data-element_type=\"section\" data-settings=\"{&quot;stretch_section&quot;:&quot;section-stretched&quot;}\">\n\t\t\t\t\t\t<div class=\"elementor-container elementor-column-gap-default\">\n\t\t\t\t\t<div class=\"elementor-column elementor-col-100 elementor-top-column elementor-element elementor-element-92e7bbb\" data-id=\"92e7bbb\" data-element_type=\"column\">\n\t\t\t<div class=\"elementor-widget-wrap elementor-element-populated\">\n\t\t\t\t\t\t\t\t<div class=\"elementor-element elementor-element-27e4a56 animated-slow elementor-invisible elementor-widget elementor-widget-text-editor\" data-id=\"27e4a56\" data-element_type=\"widget\" data-settings=\"{&quot;_animation&quot;:&quot;slideInUp&quot;,&quot;_animation_delay&quot;:60}\" data-widget_type=\"text-editor.default\">\n\t\t\t\t<div class=\"elementor-widget-container\">\n\t\t\t<style>\/*! elementor - v3.14.0 - 26-06-2023 *\/\n.elementor-widget-text-editor.elementor-drop-cap-view-stacked .elementor-drop-cap{background-color:#69727d;color:#fff}.elementor-widget-text-editor.elementor-drop-cap-view-framed .elementor-drop-cap{color:#69727d;border:3px solid;background-color:transparent}.elementor-widget-text-editor:not(.elementor-drop-cap-view-default) .elementor-drop-cap{margin-top:8px}.elementor-widget-text-editor:not(.elementor-drop-cap-view-default) .elementor-drop-cap-letter{width:1em;height:1em}.elementor-widget-text-editor .elementor-drop-cap{float:left;text-align:center;line-height:1;font-size:50px}.elementor-widget-text-editor .elementor-drop-cap-letter{display:inline-block}<\/style>\t\t\t\t<p style=\"text-align: center;\">\u00a0 Echipa Cabinet de avocatur\u0103 Ionu\u0219 Constantin Florin din Sibiu este format\u0103 din avoca\u021bi pasiona\u021bi, serio\u0219i \u0219i \u00eenclina\u021bi spre rezolvarea cu profesionalism \u0219i celeritate a nevoilor clien\u021bilor no\u0219tri. Ca parteneri de n\u0103dejde \u00een domeniul juridic \u0219i judiciar, rela\u021biile cu clien\u021bii no\u0219tri se bazeaz\u0103 \u00een primul pe respect \u0219i \u00eencredere, pentru a oferi o reprezentare calitativ\u0103, care s\u0103 \u00eendeplineasc\u0103 scopul clien\u021bilor.<span class=\"Apple-converted-space\">\u00a0<\/span><\/p>\t\t\t\t\t\t<\/div>\n\t\t\t\t<\/div>\n\t\t\t\t<div class=\"elementor-element elementor-element-9171c0b elementor-widget elementor-widget-spacer\" data-id=\"9171c0b\" data-element_type=\"widget\" data-widget_type=\"spacer.default\">\n\t\t\t\t<div class=\"elementor-widget-container\">\n\t\t\t<style>\/*! elementor - v3.14.0 - 26-06-2023 *\/\n.elementor-column .elementor-spacer-inner{height:var(--spacer-size)}.e-con{--container-widget-width:100%}.e-con-inner>.elementor-widget-spacer,.e-con>.elementor-widget-spacer{width:var(--container-widget-width,var(--spacer-size));--align-self:var(--container-widget-align-self,initial);--flex-shrink:0}.e-con-inner>.elementor-widget-spacer>.elementor-widget-container,.e-con-inner>.elementor-widget-spacer>.elementor-widget-container>.elementor-spacer,.e-con>.elementor-widget-spacer>.elementor-widget-container,.e-con>.elementor-widget-spacer>.elementor-widget-container>.elementor-spacer{height:100%}.e-con-inner>.elementor-widget-spacer>.elementor-widget-container>.elementor-spacer>.elementor-spacer-inner,.e-con>.elementor-widget-spacer>.elementor-widget-container>.elementor-spacer>.elementor-spacer-inner{height:var(--container-widget-height,var(--spacer-size))}<\/style>\t\t<div class=\"elementor-spacer\">\n\t\t\t<div class=\"elementor-spacer-inner\"><\/div>\n\t\t<\/div>\n\t\t\t\t<\/div>\n\t\t\t\t<\/div>\n\t\t\t\t\t<\/div>\n\t\t<\/div>\n\t\t\t\t\t\t\t<\/div>\n\t\t<\/section>\n\t\t\t\t<section data-wpr-particles=\"{&quot;particles&quot;:{&quot;number&quot;:{&quot;value&quot;:80,&quot;density&quot;:{&quot;enable&quot;:true,&quot;value_area&quot;:800}},&quot;color&quot;:{&quot;value&quot;:&quot;#000000&quot;},&quot;shape&quot;:{&quot;type&quot;:&quot;circle&quot;,&quot;stroke&quot;:{&quot;width&quot;:0,&quot;color&quot;:&quot;#000000&quot;},&quot;polygon&quot;:{&quot;nb_sides&quot;:5},&quot;image&quot;:{&quot;src&quot;:&quot;img\/github.svg&quot;,&quot;width&quot;:100,&quot;height&quot;:100}},&quot;opacity&quot;:{&quot;value&quot;:0.5,&quot;random&quot;:false,&quot;anim&quot;:{&quot;enable&quot;:false,&quot;speed&quot;:1,&quot;opacity_min&quot;:0.1,&quot;sync&quot;:false}},&quot;size&quot;:{&quot;value&quot;:3,&quot;random&quot;:true,&quot;anim&quot;:{&quot;enable&quot;:false,&quot;speed&quot;:40,&quot;size_min&quot;:0.1,&quot;sync&quot;:false}},&quot;line_linked&quot;:{&quot;enable&quot;:true,&quot;distance&quot;:150,&quot;color&quot;:&quot;#000000&quot;,&quot;opacity&quot;:0.4,&quot;width&quot;:1},&quot;move&quot;:{&quot;enable&quot;:true,&quot;speed&quot;:3,&quot;direction&quot;:&quot;none&quot;,&quot;random&quot;:false,&quot;straight&quot;:false,&quot;out_mode&quot;:&quot;out&quot;,&quot;bounce&quot;:false,&quot;attract&quot;:{&quot;enable&quot;:false,&quot;rotateX&quot;:600,&quot;rotateY&quot;:1200}}},&quot;interactivity&quot;:{&quot;detect_on&quot;:&quot;window&quot;,&quot;events&quot;:{&quot;onhover&quot;:{&quot;enable&quot;:true,&quot;mode&quot;:&quot;repulse&quot;},&quot;onclick&quot;:{&quot;enable&quot;:true,&quot;mode&quot;:&quot;push&quot;},&quot;resize&quot;:true},&quot;modes&quot;:{&quot;grab&quot;:{&quot;distance&quot;:400,&quot;line_linked&quot;:{&quot;opacity&quot;:1}},&quot;bubble&quot;:{&quot;distance&quot;:400,&quot;size&quot;:40,&quot;duration&quot;:2,&quot;opacity&quot;:8,&quot;speed&quot;:3},&quot;repulse&quot;:{&quot;distance&quot;:200,&quot;duration&quot;:0.4},&quot;push&quot;:{&quot;particles_nb&quot;:4},&quot;remove&quot;:{&quot;particles_nb&quot;:2}}},&quot;retina_detect&quot;:true}\" particle-source=\"wpr_particle_json_custom\" class=\"elementor-section elementor-top-section elementor-element elementor-element-6b0a69b elementor-section-full_width elementor-section-stretched elementor-section-height-min-height wpr-particle-yes elementor-section-height-default elementor-section-items-middle wpr-parallax-no\" data-id=\"6b0a69b\" data-element_type=\"section\" data-settings=\"{&quot;stretch_section&quot;:&quot;section-stretched&quot;,&quot;background_background&quot;:&quot;gradient&quot;}\">\n\t\t\t\t\t\t\t<div class=\"elementor-background-overlay\"><\/div>\n\t\t\t\t\t\t\t<div class=\"elementor-container elementor-column-gap-default\">\n\t\t\t\t\t<div class=\"elementor-column elementor-col-100 elementor-top-column elementor-element elementor-element-206973f\" data-id=\"206973f\" data-element_type=\"column\">\n\t\t\t<div class=\"elementor-widget-wrap elementor-element-populated\">\n\t\t\t\t\t\t\t\t<div class=\"elementor-element elementor-element-51ea737 elementor-widget elementor-widget-spacer\" data-id=\"51ea737\" data-element_type=\"widget\" data-widget_type=\"spacer.default\">\n\t\t\t\t<div class=\"elementor-widget-container\">\n\t\t\t\t\t<div class=\"elementor-spacer\">\n\t\t\t<div class=\"elementor-spacer-inner\"><\/div>\n\t\t<\/div>\n\t\t\t\t<\/div>\n\t\t\t\t<\/div>\n\t\t\t\t<div class=\"elementor-element elementor-element-7f1e621 elementor-widget__width-initial elementor-position-top elementor-vertical-align-top elementor-widget elementor-widget-image-box\" data-id=\"7f1e621\" data-element_type=\"widget\" data-widget_type=\"image-box.default\">\n\t\t\t\t<div class=\"elementor-widget-container\">\n\t\t\t<style>\/*! elementor - v3.14.0 - 26-06-2023 *\/\n.elementor-widget-image-box .elementor-image-box-content{width:100%}@media (min-width:768px){.elementor-widget-image-box.elementor-position-left .elementor-image-box-wrapper,.elementor-widget-image-box.elementor-position-right .elementor-image-box-wrapper{display:flex}.elementor-widget-image-box.elementor-position-right .elementor-image-box-wrapper{text-align:right;flex-direction:row-reverse}.elementor-widget-image-box.elementor-position-left .elementor-image-box-wrapper{text-align:left;flex-direction:row}.elementor-widget-image-box.elementor-position-top .elementor-image-box-img{margin:auto}.elementor-widget-image-box.elementor-vertical-align-top .elementor-image-box-wrapper{align-items:flex-start}.elementor-widget-image-box.elementor-vertical-align-middle .elementor-image-box-wrapper{align-items:center}.elementor-widget-image-box.elementor-vertical-align-bottom .elementor-image-box-wrapper{align-items:flex-end}}@media (max-width:767px){.elementor-widget-image-box .elementor-image-box-img{margin-left:auto!important;margin-right:auto!important;margin-bottom:15px}}.elementor-widget-image-box .elementor-image-box-img{display:inline-block}.elementor-widget-image-box .elementor-image-box-title a{color:inherit}.elementor-widget-image-box .elementor-image-box-wrapper{text-align:center}.elementor-widget-image-box .elementor-image-box-description{margin:0}<\/style><div class=\"elementor-image-box-wrapper\"><figure class=\"elementor-image-box-img\"><img loading=\"lazy\" decoding=\"async\" width=\"1242\" height=\"1244\" src=\"https:\/\/avocationus.ro\/wp-content\/uploads\/2023\/07\/IMG_3996.jpg\" class=\"elementor-animation-float attachment-full size-full wp-image-686\" alt=\"\" srcset=\"https:\/\/avocationus.ro\/wp-content\/uploads\/2023\/07\/IMG_3996.jpg 1242w, https:\/\/avocationus.ro\/wp-content\/uploads\/2023\/07\/IMG_3996-300x300.jpg 300w, https:\/\/avocationus.ro\/wp-content\/uploads\/2023\/07\/IMG_3996-1022x1024.jpg 1022w, https:\/\/avocationus.ro\/wp-content\/uploads\/2023\/07\/IMG_3996-150x150.jpg 150w, https:\/\/avocationus.ro\/wp-content\/uploads\/2023\/07\/IMG_3996-768x769.jpg 768w\" sizes=\"auto, (max-width: 1242px) 100vw, 1242px\" \/><\/figure><div class=\"elementor-image-box-content\"><h3 class=\"elementor-image-box-title\">Av. Ionu\u0219 Constantin Florin<\/h3><p class=\"elementor-image-box-description\">Cu o vast\u0103 experien\u021b\u0103 acumulat\u0103 \u00een peste 16 ani de avocatur\u0103, \u00een care a consultat, consiliat \u0219i reprezentat clien\u021bii cu profesionalism \u00een multiple domenii juridice, dl. avocat Ionu\u0219 este un partener de \u00eencredere at\u00e2t \u00een domeniul consultan\u021bei, c\u00e2t \u0219i \u00een cel litigios.<\/p><\/div><\/div>\t\t<\/div>\n\t\t\t\t<\/div>\n\t\t\t\t<div class=\"elementor-element elementor-element-7c5f36d elementor-widget elementor-widget-spacer\" data-id=\"7c5f36d\" data-element_type=\"widget\" data-widget_type=\"spacer.default\">\n\t\t\t\t<div class=\"elementor-widget-container\">\n\t\t\t\t\t<div class=\"elementor-spacer\">\n\t\t\t<div class=\"elementor-spacer-inner\"><\/div>\n\t\t<\/div>\n\t\t\t\t<\/div>\n\t\t\t\t<\/div>\n\t\t\t\t<div class=\"elementor-element elementor-element-0d828fc elementor-align-center elementor-invisible elementor-widget elementor-widget-button\" data-id=\"0d828fc\" data-element_type=\"widget\" data-settings=\"{&quot;_animation&quot;:&quot;fadeInUp&quot;,&quot;_animation_delay&quot;:60}\" data-widget_type=\"button.default\">\n\t\t\t\t<div class=\"elementor-widget-container\">\n\t\t\t\t\t<div class=\"elementor-button-wrapper\">\n\t\t\t<a class=\"elementor-button elementor-button-link elementor-size-xs\" href=\"https:\/\/avocationus.ro\/1-2\/\">\n\t\t\t\t\t\t<span class=\"elementor-button-content-wrapper\">\n\t\t\t\t\t\t<span class=\"elementor-button-text\">Afla\u021bi mai mult<\/span>\n\t\t<\/span>\n\t\t\t\t\t<\/a>\n\t\t<\/div>\n\t\t\t\t<\/div>\n\t\t\t\t<\/div>\n\t\t\t\t<div class=\"elementor-element elementor-element-736cf5e elementor-widget elementor-widget-spacer\" data-id=\"736cf5e\" data-element_type=\"widget\" data-widget_type=\"spacer.default\">\n\t\t\t\t<div class=\"elementor-widget-container\">\n\t\t\t\t\t<div class=\"elementor-spacer\">\n\t\t\t<div class=\"elementor-spacer-inner\"><\/div>\n\t\t<\/div>\n\t\t\t\t<\/div>\n\t\t\t\t<\/div>\n\t\t\t\t\t<\/div>\n\t\t<\/div>\n\t\t\t\t\t\t\t<\/div>\n\t\t<\/section>\n\t\t\t\t<section class=\"elementor-section elementor-top-section elementor-element elementor-element-73731f9 elementor-hidden-desktop elementor-hidden-tablet elementor-hidden-mobile elementor-section-boxed elementor-section-height-default elementor-section-height-default wpr-particle-no wpr-jarallax-no wpr-parallax-no wpr-sticky-section-no\" data-id=\"73731f9\" data-element_type=\"section\">\n\t\t\t\t\t\t<div class=\"elementor-container elementor-column-gap-default\">\n\t\t\t\t\t<div class=\"elementor-column elementor-col-100 elementor-top-column elementor-element elementor-element-c4c231f\" data-id=\"c4c231f\" data-element_type=\"column\">\n\t\t\t<div class=\"elementor-widget-wrap elementor-element-populated\">\n\t\t\t\t\t\t\t\t<div class=\"elementor-element elementor-element-5e6dabc elementor-widget elementor-widget-text-editor\" data-id=\"5e6dabc\" data-element_type=\"widget\" data-widget_type=\"text-editor.default\">\n\t\t\t\t<div class=\"elementor-widget-container\">\n\t\t\t\t\t\t\t<p>Echipa este formata<\/p>\t\t\t\t\t\t<\/div>\n\t\t\t\t<\/div>\n\t\t\t\t\t<\/div>\n\t\t<\/div>\n\t\t\t\t\t\t\t<\/div>\n\t\t<\/section>\n\t\t\t\t<section class=\"elementor-section elementor-top-section elementor-element elementor-element-e349966 elementor-hidden-desktop elementor-hidden-tablet elementor-hidden-mobile elementor-section-boxed elementor-section-height-default elementor-section-height-default wpr-particle-no wpr-jarallax-no wpr-parallax-no wpr-sticky-section-no\" data-id=\"e349966\" data-element_type=\"section\">\n\t\t\t\t\t\t<div class=\"elementor-container elementor-column-gap-default\">\n\t\t\t\t\t<div class=\"elementor-column elementor-col-100 elementor-top-column elementor-element elementor-element-8183b89\" data-id=\"8183b89\" data-element_type=\"column\">\n\t\t\t<div class=\"elementor-widget-wrap elementor-element-populated\">\n\t\t\t\t\t\t\t\t<div class=\"elementor-element elementor-element-37a4a35 elementor-widget elementor-widget-heading\" data-id=\"37a4a35\" data-element_type=\"widget\" data-widget_type=\"heading.default\">\n\t\t\t\t<div class=\"elementor-widget-container\">\n\t\t\t<style>\/*! elementor - v3.14.0 - 26-06-2023 *\/\n.elementor-heading-title{padding:0;margin:0;line-height:1}.elementor-widget-heading .elementor-heading-title[class*=elementor-size-]>a{color:inherit;font-size:inherit;line-height:inherit}.elementor-widget-heading .elementor-heading-title.elementor-size-small{font-size:15px}.elementor-widget-heading .elementor-heading-title.elementor-size-medium{font-size:19px}.elementor-widget-heading .elementor-heading-title.elementor-size-large{font-size:29px}.elementor-widget-heading .elementor-heading-title.elementor-size-xl{font-size:39px}.elementor-widget-heading .elementor-heading-title.elementor-size-xxl{font-size:59px}<\/style><h2 class=\"elementor-heading-title elementor-size-default\">Echipa de avocati<\/h2>\t\t<\/div>\n\t\t\t\t<\/div>\n\t\t\t\t\t<\/div>\n\t\t<\/div>\n\t\t\t\t\t\t\t<\/div>\n\t\t<\/section>\n\t\t\t\t\t\t\t<\/div>\n\t\t","protected":false},"excerpt":{"rendered":"<p>\u00a0 Echipa Cabinet de avocatur\u0103 Ionu\u0219 Constantin Florin din Sibiu este format\u0103 din avoca\u021bi pasiona\u021bi, serio\u0219i \u0219i \u00eenclina\u021bi spre rezolvarea cu profesionalism \u0219i celeritate a nevoilor clien\u021bilor no\u0219tri. Ca parteneri de n\u0103dejde \u00een domeniul juridic \u0219i judiciar, rela\u021biile cu clien\u021bii no\u0219tri se bazeaz\u0103 \u00een primul pe respect \u0219i \u00eencredere, pentru a oferi o reprezentare calitativ\u0103, [&hellip;]<\/p>\n","protected":false},"author":1,"featured_media":0,"parent":0,"menu_order":0,"comment_status":"closed","ping_status":"closed","template":"","meta":{"_monsterinsights_skip_tracking":false,"_monsterinsights_sitenote_active":false,"_monsterinsights_sitenote_note":"","_monsterinsights_sitenote_category":0,"footnotes":""},"class_list":["post-8","page","type-page","status-publish","hentry"],"yoast_head":"<!-- This site is optimized with the Yoast SEO plugin v20.11 - https:\/\/yoast.com\/wordpress\/plugins\/seo\/ -->\n<title>Echipa - Cabinet de avocat Ionu\u0219<\/title>\n<meta name=\"robots\" content=\"index, follow, max-snippet:-1, max-image-preview:large, max-video-preview:-1\" \/>\n<link rel=\"canonical\" href=\"https:\/\/avocationus.ro\/?page_id=8\" \/>\n<meta property=\"og:locale\" content=\"en_US\" \/>\n<meta property=\"og:type\" content=\"article\" \/>\n<meta property=\"og:title\" content=\"Echipa - Cabinet de avocat Ionu\u0219\" \/>\n<meta property=\"og:description\" content=\"\u00a0 Echipa Cabinet de avocatur\u0103 Ionu\u0219 Constantin Florin din Sibiu este format\u0103 din avoca\u021bi pasiona\u021bi, serio\u0219i \u0219i \u00eenclina\u021bi spre rezolvarea cu profesionalism \u0219i celeritate a nevoilor clien\u021bilor no\u0219tri. Ca parteneri de n\u0103dejde \u00een domeniul juridic \u0219i judiciar, rela\u021biile cu clien\u021bii no\u0219tri se bazeaz\u0103 \u00een primul pe respect \u0219i \u00eencredere, pentru a oferi o reprezentare calitativ\u0103, [&hellip;]\" \/>\n<meta property=\"og:url\" content=\"https:\/\/avocationus.ro\/?page_id=8\" \/>\n<meta property=\"og:site_name\" content=\"Cabinet de avocat Ionu\u0219\" \/>\n<meta property=\"article:modified_time\" content=\"2024-06-06T18:09:22+00:00\" \/>\n<meta property=\"og:image\" content=\"https:\/\/avocationus.ro\/wp-content\/uploads\/2023\/07\/IMG_3996.jpg\" \/>\n<meta name=\"twitter:card\" content=\"summary_large_image\" \/>\n<meta name=\"twitter:label1\" content=\"Est. reading time\" \/>\n\t<meta name=\"twitter:data1\" content=\"1 minute\" \/>\n<script type=\"application\/ld+json\" class=\"yoast-schema-graph\">{\"@context\":\"https:\/\/schema.org\",\"@graph\":[{\"@type\":\"WebPage\",\"@id\":\"https:\/\/avocationus.ro\/?page_id=8\",\"url\":\"https:\/\/avocationus.ro\/?page_id=8\",\"name\":\"Echipa - Cabinet de avocat Ionu\u0219\",\"isPartOf\":{\"@id\":\"https:\/\/avocationus.ro\/#website\"},\"datePublished\":\"2023-07-12T10:48:25+00:00\",\"dateModified\":\"2024-06-06T18:09:22+00:00\",\"breadcrumb\":{\"@id\":\"https:\/\/avocationus.ro\/?page_id=8#breadcrumb\"},\"inLanguage\":\"en-US\",\"potentialAction\":[{\"@type\":\"ReadAction\",\"target\":[\"https:\/\/avocationus.ro\/?page_id=8\"]}]},{\"@type\":\"BreadcrumbList\",\"@id\":\"https:\/\/avocationus.ro\/?page_id=8#breadcrumb\",\"itemListElement\":[{\"@type\":\"ListItem\",\"position\":1,\"name\":\"Home\",\"item\":\"https:\/\/avocationus.ro\/\"},{\"@type\":\"ListItem\",\"position\":2,\"name\":\"Echipa\"}]},{\"@type\":\"WebSite\",\"@id\":\"https:\/\/avocationus.ro\/#website\",\"url\":\"https:\/\/avocationus.ro\/\",\"name\":\"Cabinet de avocat Ionu\u0219\",\"description\":\"Echilibru \u0219i Seriozitate\",\"publisher\":{\"@id\":\"https:\/\/avocationus.ro\/#organization\"},\"potentialAction\":[{\"@type\":\"SearchAction\",\"target\":{\"@type\":\"EntryPoint\",\"urlTemplate\":\"https:\/\/avocationus.ro\/?s={search_term_string}\"},\"query-input\":\"required name=search_term_string\"}],\"inLanguage\":\"en-US\"},{\"@type\":\"Organization\",\"@id\":\"https:\/\/avocationus.ro\/#organization\",\"name\":\"Cabinet de avocat Ionu\u0219\",\"url\":\"https:\/\/avocationus.ro\/\",\"logo\":{\"@type\":\"ImageObject\",\"inLanguage\":\"en-US\",\"@id\":\"https:\/\/avocationus.ro\/#\/schema\/logo\/image\/\",\"url\":\"https:\/\/avocationus.ro\/wp-content\/uploads\/2023\/07\/cropped-cropped-logo-2-1.png\",\"contentUrl\":\"https:\/\/avocationus.ro\/wp-content\/uploads\/2023\/07\/cropped-cropped-logo-2-1.png\",\"width\":813,\"height\":142,\"caption\":\"Cabinet de avocat Ionu\u0219\"},\"image\":{\"@id\":\"https:\/\/avocationus.ro\/#\/schema\/logo\/image\/\"}}]}<\/script>\n<!-- \/ Yoast SEO plugin. -->","yoast_head_json":{"title":"Echipa - Cabinet de avocat Ionu\u0219","robots":{"index":"index","follow":"follow","max-snippet":"max-snippet:-1","max-image-preview":"max-image-preview:large","max-video-preview":"max-video-preview:-1"},"canonical":"https:\/\/avocationus.ro\/?page_id=8","og_locale":"en_US","og_type":"article","og_title":"Echipa - Cabinet de avocat Ionu\u0219","og_description":"\u00a0 Echipa Cabinet de avocatur\u0103 Ionu\u0219 Constantin Florin din Sibiu este format\u0103 din avoca\u021bi pasiona\u021bi, serio\u0219i \u0219i \u00eenclina\u021bi spre rezolvarea cu profesionalism \u0219i celeritate a nevoilor clien\u021bilor no\u0219tri. Ca parteneri de n\u0103dejde \u00een domeniul juridic \u0219i judiciar, rela\u021biile cu clien\u021bii no\u0219tri se bazeaz\u0103 \u00een primul pe respect \u0219i \u00eencredere, pentru a oferi o reprezentare calitativ\u0103, [&hellip;]","og_url":"https:\/\/avocationus.ro\/?page_id=8","og_site_name":"Cabinet de avocat Ionu\u0219","article_modified_time":"2024-06-06T18:09:22+00:00","og_image":[{"url":"https:\/\/avocationus.ro\/wp-content\/uploads\/2023\/07\/IMG_3996.jpg"}],"twitter_card":"summary_large_image","twitter_misc":{"Est. reading time":"1 minute"},"schema":{"@context":"https:\/\/schema.org","@graph":[{"@type":"WebPage","@id":"https:\/\/avocationus.ro\/?page_id=8","url":"https:\/\/avocationus.ro\/?page_id=8","name":"Echipa - Cabinet de avocat Ionu\u0219","isPartOf":{"@id":"https:\/\/avocationus.ro\/#website"},"datePublished":"2023-07-12T10:48:25+00:00","dateModified":"2024-06-06T18:09:22+00:00","breadcrumb":{"@id":"https:\/\/avocationus.ro\/?page_id=8#breadcrumb"},"inLanguage":"en-US","potentialAction":[{"@type":"ReadAction","target":["https:\/\/avocationus.ro\/?page_id=8"]}]},{"@type":"BreadcrumbList","@id":"https:\/\/avocationus.ro\/?page_id=8#breadcrumb","itemListElement":[{"@type":"ListItem","position":1,"name":"Home","item":"https:\/\/avocationus.ro\/"},{"@type":"ListItem","position":2,"name":"Echipa"}]},{"@type":"WebSite","@id":"https:\/\/avocationus.ro\/#website","url":"https:\/\/avocationus.ro\/","name":"Cabinet de avocat Ionu\u0219","description":"Echilibru \u0219i Seriozitate","publisher":{"@id":"https:\/\/avocationus.ro\/#organization"},"potentialAction":[{"@type":"SearchAction","target":{"@type":"EntryPoint","urlTemplate":"https:\/\/avocationus.ro\/?s={search_term_string}"},"query-input":"required name=search_term_string"}],"inLanguage":"en-US"},{"@type":"Organization","@id":"https:\/\/avocationus.ro\/#organization","name":"Cabinet de avocat Ionu\u0219","url":"https:\/\/avocationus.ro\/","logo":{"@type":"ImageObject","inLanguage":"en-US","@id":"https:\/\/avocationus.ro\/#\/schema\/logo\/image\/","url":"https:\/\/avocationus.ro\/wp-content\/uploads\/2023\/07\/cropped-cropped-logo-2-1.png","contentUrl":"https:\/\/avocationus.ro\/wp-content\/uploads\/2023\/07\/cropped-cropped-logo-2-1.png","width":813,"height":142,"caption":"Cabinet de avocat Ionu\u0219"},"image":{"@id":"https:\/\/avocationus.ro\/#\/schema\/logo\/image\/"}}]}},"_links":{"self":[{"href":"https:\/\/avocationus.ro\/index.php?rest_route=\/wp\/v2\/pages\/8","targetHints":{"allow":["GET"]}}],"collection":[{"href":"https:\/\/avocationus.ro\/index.php?rest_route=\/wp\/v2\/pages"}],"about":[{"href":"https:\/\/avocationus.ro\/index.php?rest_route=\/wp\/v2\/types\/page"}],"author":[{"embeddable":true,"href":"https:\/\/avocationus.ro\/index.php?rest_route=\/wp\/v2\/users\/1"}],"replies":[{"embeddable":true,"href":"https:\/\/avocationus.ro\/index.php?rest_route=%2Fwp%2Fv2%2Fcomments&post=8"}],"version-history":[{"count":115,"href":"https:\/\/avocationus.ro\/index.php?rest_route=\/wp\/v2\/pages\/8\/revisions"}],"predecessor-version":[{"id":2155,"href":"https:\/\/avocationus.ro\/index.php?rest_route=\/wp\/v2\/pages\/8\/revisions\/2155"}],"wp:attachment":[{"href":"https:\/\/avocationus.ro\/index.php?rest_route=%2Fwp%2Fv2%2Fmedia&parent=8"}],"curies":[{"name":"wp","href":"https:\/\/api.w.org\/{rel}","templated":true}]}}