{"id":1913,"date":"2023-07-24T20:15:23","date_gmt":"2023-07-24T20:15:23","guid":{"rendered":"https:\/\/avocationus.ro\/?page_id=1913"},"modified":"2023-07-26T19:57:21","modified_gmt":"2023-07-26T19:57:21","slug":"drept-public","status":"publish","type":"page","link":"https:\/\/avocationus.ro\/?page_id=1913","title":{"rendered":"Drept public"},"content":{"rendered":"\t\t<div data-elementor-type=\"wp-page\" data-elementor-id=\"1913\" class=\"elementor elementor-1913\">\n\t\t\t\t\t\t\t\t\t<section class=\"elementor-section elementor-top-section elementor-element elementor-element-2a623a1 elementor-section-stretched elementor-section-boxed elementor-section-height-default elementor-section-height-default wpr-particle-no wpr-jarallax-no wpr-parallax-no wpr-sticky-section-no\" data-id=\"2a623a1\" data-element_type=\"section\" data-settings=\"{&quot;stretch_section&quot;:&quot;section-stretched&quot;}\">\n\t\t\t\t\t\t<div class=\"elementor-container elementor-column-gap-default\">\n\t\t\t\t\t<div class=\"elementor-column elementor-col-100 elementor-top-column elementor-element elementor-element-121cbc5\" data-id=\"121cbc5\" data-element_type=\"column\">\n\t\t\t<div class=\"elementor-widget-wrap elementor-element-populated\">\n\t\t\t\t\t\t\t\t<section class=\"elementor-section elementor-inner-section elementor-element elementor-element-81775ec elementor-section-boxed elementor-section-height-default elementor-section-height-default wpr-particle-no wpr-jarallax-no wpr-parallax-no wpr-sticky-section-no\" data-id=\"81775ec\" data-element_type=\"section\">\n\t\t\t\t\t\t<div class=\"elementor-container elementor-column-gap-default\">\n\t\t\t\t\t<div class=\"elementor-column elementor-col-50 elementor-inner-column elementor-element elementor-element-f4716f5\" data-id=\"f4716f5\" data-element_type=\"column\">\n\t\t\t<div class=\"elementor-widget-wrap elementor-element-populated\">\n\t\t\t\t\t\t\t\t<div class=\"elementor-element elementor-element-2823bcf elementor-widget elementor-widget-accordion\" data-id=\"2823bcf\" data-element_type=\"widget\" data-widget_type=\"accordion.default\">\n\t\t\t\t<div class=\"elementor-widget-container\">\n\t\t\t<style>\/*! elementor - v3.14.0 - 26-06-2023 *\/\n.elementor-accordion{text-align:left}.elementor-accordion .elementor-accordion-item{border:1px solid #d5d8dc}.elementor-accordion .elementor-accordion-item+.elementor-accordion-item{border-top:none}.elementor-accordion .elementor-tab-title{margin:0;padding:15px 20px;font-weight:700;line-height:1;cursor:pointer;outline:none}.elementor-accordion .elementor-tab-title .elementor-accordion-icon{display:inline-block;width:1.5em}.elementor-accordion .elementor-tab-title .elementor-accordion-icon svg{width:1em;height:1em}.elementor-accordion .elementor-tab-title .elementor-accordion-icon.elementor-accordion-icon-right{float:right;text-align:right}.elementor-accordion .elementor-tab-title .elementor-accordion-icon.elementor-accordion-icon-left{float:left;text-align:left}.elementor-accordion .elementor-tab-title .elementor-accordion-icon .elementor-accordion-icon-closed{display:block}.elementor-accordion .elementor-tab-title .elementor-accordion-icon .elementor-accordion-icon-opened,.elementor-accordion .elementor-tab-title.elementor-active .elementor-accordion-icon-closed{display:none}.elementor-accordion .elementor-tab-title.elementor-active .elementor-accordion-icon-opened{display:block}.elementor-accordion .elementor-tab-content{display:none;padding:15px 20px;border-top:1px solid #d5d8dc}@media (max-width:767px){.elementor-accordion .elementor-tab-title{padding:12px 15px}.elementor-accordion .elementor-tab-title .elementor-accordion-icon{width:1.2em}.elementor-accordion .elementor-tab-content{padding:7px 15px}}.e-con-inner>.elementor-widget-accordion,.e-con>.elementor-widget-accordion{width:var(--container-widget-width);--flex-grow:var(--container-widget-flex-grow)}<\/style>\t\t<div class=\"elementor-accordion\">\n\t\t\t\t\t\t\t<div class=\"elementor-accordion-item\">\n\t\t\t\t\t<div id=\"elementor-tab-title-4201\" class=\"elementor-tab-title\" data-tab=\"1\" role=\"button\" aria-controls=\"elementor-tab-content-4201\" aria-expanded=\"false\">\n\t\t\t\t\t\t\t\t\t\t\t\t\t<span class=\"elementor-accordion-icon elementor-accordion-icon-right\" aria-hidden=\"true\">\n\t\t\t\t\t\t\t\t\t\t\t\t\t\t\t<span class=\"elementor-accordion-icon-closed\"><i class=\"fas fa-angle-double-down\"><\/i><\/span>\n\t\t\t\t\t\t\t\t<span class=\"elementor-accordion-icon-opened\"><i class=\"fas fa-angle-double-up\"><\/i><\/span>\n\t\t\t\t\t\t\t\t\t\t\t\t\t\t<\/span>\n\t\t\t\t\t\t\t\t\t\t\t\t<a class=\"elementor-accordion-title\" tabindex=\"0\">Drept penal<\/a>\n\t\t\t\t\t<\/div>\n\t\t\t\t\t<div id=\"elementor-tab-content-4201\" class=\"elementor-tab-content elementor-clearfix\" data-tab=\"1\" role=\"region\" aria-labelledby=\"elementor-tab-title-4201\"><p style=\"text-align: justify;\"><img loading=\"lazy\" decoding=\"async\" class=\"wp-image-1877 size-full alignleft\" src=\"https:\/\/avocationus.ro\/wp-content\/uploads\/2023\/07\/clipart986919-e1690228741554.png\" alt=\"\" width=\"50\" height=\"51\" \/>Asisten\u021b\u0103 \u0219i reprezentare \u00een toate fazele procesuale penale(urm\u0103rire penal\u0103, camer\u0103 preliminar\u0103, instan\u021b\u0103); plangeri \u00eempotriva proceselor verbale de constatare \u0219i sanc\u021bionare a contraven\u021bilor; ordin de protec\u021bie<\/p><p><a href=\"https:\/\/avocationus.ro\/aria-2\/\">Aflati mai mult<\/a><\/p><\/div>\n\t\t\t\t<\/div>\n\t\t\t\t\t\t\t\t<\/div>\n\t\t\t\t<\/div>\n\t\t\t\t<\/div>\n\t\t\t\t\t<\/div>\n\t\t<\/div>\n\t\t\t\t<div class=\"elementor-column elementor-col-50 elementor-inner-column elementor-element elementor-element-bb2ed3f\" data-id=\"bb2ed3f\" data-element_type=\"column\">\n\t\t\t<div class=\"elementor-widget-wrap elementor-element-populated\">\n\t\t\t\t\t\t\t\t<div class=\"elementor-element elementor-element-6736b19 elementor-widget elementor-widget-accordion\" data-id=\"6736b19\" data-element_type=\"widget\" data-widget_type=\"accordion.default\">\n\t\t\t\t<div class=\"elementor-widget-container\">\n\t\t\t\t\t<div class=\"elementor-accordion\">\n\t\t\t\t\t\t\t<div class=\"elementor-accordion-item\">\n\t\t\t\t\t<div id=\"elementor-tab-title-1081\" class=\"elementor-tab-title\" data-tab=\"1\" role=\"button\" aria-controls=\"elementor-tab-content-1081\" aria-expanded=\"false\">\n\t\t\t\t\t\t\t\t\t\t\t\t\t<span class=\"elementor-accordion-icon elementor-accordion-icon-right\" aria-hidden=\"true\">\n\t\t\t\t\t\t\t\t\t\t\t\t\t\t\t<span class=\"elementor-accordion-icon-closed\"><i class=\"fas fa-angle-double-down\"><\/i><\/span>\n\t\t\t\t\t\t\t\t<span class=\"elementor-accordion-icon-opened\"><i class=\"fas fa-angle-double-up\"><\/i><\/span>\n\t\t\t\t\t\t\t\t\t\t\t\t\t\t<\/span>\n\t\t\t\t\t\t\t\t\t\t\t\t<a class=\"elementor-accordion-title\" tabindex=\"0\">Drept administrativ \u0219i fiscal<\/a>\n\t\t\t\t\t<\/div>\n\t\t\t\t\t<div id=\"elementor-tab-content-1081\" class=\"elementor-tab-content elementor-clearfix\" data-tab=\"1\" role=\"region\" aria-labelledby=\"elementor-tab-title-1081\"><p style=\"text-align: justify;\"><img loading=\"lazy\" decoding=\"async\" class=\"wp-image-1885 size-full alignleft\" src=\"https:\/\/avocationus.ro\/wp-content\/uploads\/2023\/07\/pngegg-2-1-e1690228968169.png\" alt=\"\" width=\"50\" height=\"65\" \/>Consiliere, consultan\u021b\u0103, asisten\u021b\u0103 \u0219i reprezentare \u00een vederea solu\u021bion\u0103rii litigilor ce privesc raporturile dintre organele administrative sau alte organe de stat \u00eentre acestea \u0219i persoane fizice sau func\u021bionari publici<\/p><p><a href=\"https:\/\/avocationus.ro\/drept-administrativ\/\">Aflati mai mult<\/a><\/p><\/div>\n\t\t\t\t<\/div>\n\t\t\t\t\t\t\t\t\t\t<script type=\"application\/ld+json\">{\"@context\":\"https:\\\/\\\/schema.org\",\"@type\":\"FAQPage\",\"mainEntity\":[{\"@type\":\"Question\",\"name\":\"Drept administrativ \\u0219i fiscal\",\"acceptedAnswer\":{\"@type\":\"Answer\",\"text\":\"<p style=\\\"text-align: justify;\\\"><img class=\\\"wp-image-1885 size-full alignleft\\\" src=\\\"https:\\\/\\\/avocationus.ro\\\/wp-content\\\/uploads\\\/2023\\\/07\\\/pngegg-2-1-e1690228968169.png\\\" alt=\\\"\\\" width=\\\"50\\\" height=\\\"65\\\" \\\/>Consiliere, consultan\\u021b\\u0103, asisten\\u021b\\u0103 \\u0219i reprezentare \\u00een vederea solu\\u021bion\\u0103rii litigilor ce privesc raporturile dintre organele administrative sau alte organe de stat \\u00eentre acestea \\u0219i persoane fizice sau func\\u021bionari publici<\\\/p><p><a href=\\\"https:\\\/\\\/avocationus.ro\\\/drept-administrativ\\\/\\\">Aflati mai mult<\\\/a><\\\/p>\"}}]}<\/script>\n\t\t\t\t\t<\/div>\n\t\t\t\t<\/div>\n\t\t\t\t<\/div>\n\t\t\t\t\t<\/div>\n\t\t<\/div>\n\t\t\t\t\t\t\t<\/div>\n\t\t<\/section>\n\t\t\t\t<div class=\"elementor-element elementor-element-b4dfeb8 elementor-widget elementor-widget-spacer\" data-id=\"b4dfeb8\" data-element_type=\"widget\" data-widget_type=\"spacer.default\">\n\t\t\t\t<div class=\"elementor-widget-container\">\n\t\t\t<style>\/*! elementor - v3.14.0 - 26-06-2023 *\/\n.elementor-column .elementor-spacer-inner{height:var(--spacer-size)}.e-con{--container-widget-width:100%}.e-con-inner>.elementor-widget-spacer,.e-con>.elementor-widget-spacer{width:var(--container-widget-width,var(--spacer-size));--align-self:var(--container-widget-align-self,initial);--flex-shrink:0}.e-con-inner>.elementor-widget-spacer>.elementor-widget-container,.e-con-inner>.elementor-widget-spacer>.elementor-widget-container>.elementor-spacer,.e-con>.elementor-widget-spacer>.elementor-widget-container,.e-con>.elementor-widget-spacer>.elementor-widget-container>.elementor-spacer{height:100%}.e-con-inner>.elementor-widget-spacer>.elementor-widget-container>.elementor-spacer>.elementor-spacer-inner,.e-con>.elementor-widget-spacer>.elementor-widget-container>.elementor-spacer>.elementor-spacer-inner{height:var(--container-widget-height,var(--spacer-size))}<\/style>\t\t<div class=\"elementor-spacer\">\n\t\t\t<div class=\"elementor-spacer-inner\"><\/div>\n\t\t<\/div>\n\t\t\t\t<\/div>\n\t\t\t\t<\/div>\n\t\t\t\t\t<\/div>\n\t\t<\/div>\n\t\t\t\t\t\t\t<\/div>\n\t\t<\/section>\n\t\t\t\t<section class=\"elementor-section elementor-top-section elementor-element elementor-element-34bb824 elementor-hidden-desktop elementor-hidden-tablet elementor-hidden-mobile elementor-section-boxed elementor-section-height-default elementor-section-height-default wpr-particle-no wpr-jarallax-no wpr-parallax-no wpr-sticky-section-no\" data-id=\"34bb824\" data-element_type=\"section\">\n\t\t\t\t\t\t<div class=\"elementor-container elementor-column-gap-default\">\n\t\t\t\t\t<div class=\"elementor-column elementor-col-100 elementor-top-column elementor-element elementor-element-cc04d0d\" data-id=\"cc04d0d\" data-element_type=\"column\">\n\t\t\t<div class=\"elementor-widget-wrap elementor-element-populated\">\n\t\t\t\t\t\t\t\t<div class=\"elementor-element elementor-element-b5139da elementor-widget elementor-widget-heading\" data-id=\"b5139da\" data-element_type=\"widget\" data-widget_type=\"heading.default\">\n\t\t\t\t<div class=\"elementor-widget-container\">\n\t\t\t<style>\/*! elementor - v3.14.0 - 26-06-2023 *\/\n.elementor-heading-title{padding:0;margin:0;line-height:1}.elementor-widget-heading .elementor-heading-title[class*=elementor-size-]>a{color:inherit;font-size:inherit;line-height:inherit}.elementor-widget-heading .elementor-heading-title.elementor-size-small{font-size:15px}.elementor-widget-heading .elementor-heading-title.elementor-size-medium{font-size:19px}.elementor-widget-heading .elementor-heading-title.elementor-size-large{font-size:29px}.elementor-widget-heading .elementor-heading-title.elementor-size-xl{font-size:39px}.elementor-widget-heading .elementor-heading-title.elementor-size-xxl{font-size:59px}<\/style><h2 class=\"elementor-heading-title elementor-size-default\">Dreptul public<\/h2>\t\t<\/div>\n\t\t\t\t<\/div>\n\t\t\t\t\t<\/div>\n\t\t<\/div>\n\t\t\t\t\t\t\t<\/div>\n\t\t<\/section>\n\t\t\t\t\t\t\t<\/div>\n\t\t","protected":false},"excerpt":{"rendered":"<p>Drept penal Asisten\u021b\u0103 \u0219i reprezentare \u00een toate fazele procesuale penale(urm\u0103rire penal\u0103, camer\u0103 preliminar\u0103, instan\u021b\u0103); plangeri \u00eempotriva proceselor verbale de constatare \u0219i sanc\u021bionare a contraven\u021bilor; ordin de protec\u021bie Aflati mai mult Drept administrativ \u0219i fiscal Consiliere, consultan\u021b\u0103, asisten\u021b\u0103 \u0219i reprezentare \u00een vederea solu\u021bion\u0103rii litigilor ce privesc raporturile dintre organele administrative sau alte organe de stat \u00eentre [&hellip;]<\/p>\n","protected":false},"author":1,"featured_media":0,"parent":0,"menu_order":0,"comment_status":"closed","ping_status":"closed","template":"","meta":{"_monsterinsights_skip_tracking":false,"_monsterinsights_sitenote_active":false,"_monsterinsights_sitenote_note":"","_monsterinsights_sitenote_category":0,"footnotes":""},"class_list":["post-1913","page","type-page","status-publish","hentry"],"yoast_head":"<!-- This site is optimized with the Yoast SEO plugin v20.11 - https:\/\/yoast.com\/wordpress\/plugins\/seo\/ -->\n<title>Drept public - Cabinet de avocat Ionu\u0219<\/title>\n<meta name=\"robots\" content=\"index, follow, max-snippet:-1, max-image-preview:large, max-video-preview:-1\" \/>\n<link rel=\"canonical\" href=\"https:\/\/avocationus.ro\/?page_id=1913\" \/>\n<meta property=\"og:locale\" content=\"en_US\" \/>\n<meta property=\"og:type\" content=\"article\" \/>\n<meta property=\"og:title\" content=\"Drept public - Cabinet de avocat Ionu\u0219\" \/>\n<meta property=\"og:description\" content=\"Drept penal Asisten\u021b\u0103 \u0219i reprezentare \u00een toate fazele procesuale penale(urm\u0103rire penal\u0103, camer\u0103 preliminar\u0103, instan\u021b\u0103); plangeri \u00eempotriva proceselor verbale de constatare \u0219i sanc\u021bionare a contraven\u021bilor; ordin de protec\u021bie Aflati mai mult Drept administrativ \u0219i fiscal Consiliere, consultan\u021b\u0103, asisten\u021b\u0103 \u0219i reprezentare \u00een vederea solu\u021bion\u0103rii litigilor ce privesc raporturile dintre organele administrative sau alte organe de stat \u00eentre [&hellip;]\" \/>\n<meta property=\"og:url\" content=\"https:\/\/avocationus.ro\/?page_id=1913\" \/>\n<meta property=\"og:site_name\" content=\"Cabinet de avocat Ionu\u0219\" \/>\n<meta property=\"article:modified_time\" content=\"2023-07-26T19:57:21+00:00\" \/>\n<meta property=\"og:image\" content=\"https:\/\/avocationus.ro\/wp-content\/uploads\/2023\/07\/clipart986919-e1690228741554.png\" \/>\n<meta name=\"twitter:card\" content=\"summary_large_image\" \/>\n<meta name=\"twitter:label1\" content=\"Est. reading time\" \/>\n\t<meta name=\"twitter:data1\" content=\"1 minute\" \/>\n<script type=\"application\/ld+json\" class=\"yoast-schema-graph\">{\"@context\":\"https:\/\/schema.org\",\"@graph\":[{\"@type\":\"WebPage\",\"@id\":\"https:\/\/avocationus.ro\/?page_id=1913\",\"url\":\"https:\/\/avocationus.ro\/?page_id=1913\",\"name\":\"Drept public - Cabinet de avocat Ionu\u0219\",\"isPartOf\":{\"@id\":\"https:\/\/avocationus.ro\/#website\"},\"datePublished\":\"2023-07-24T20:15:23+00:00\",\"dateModified\":\"2023-07-26T19:57:21+00:00\",\"breadcrumb\":{\"@id\":\"https:\/\/avocationus.ro\/?page_id=1913#breadcrumb\"},\"inLanguage\":\"en-US\",\"potentialAction\":[{\"@type\":\"ReadAction\",\"target\":[\"https:\/\/avocationus.ro\/?page_id=1913\"]}]},{\"@type\":\"BreadcrumbList\",\"@id\":\"https:\/\/avocationus.ro\/?page_id=1913#breadcrumb\",\"itemListElement\":[{\"@type\":\"ListItem\",\"position\":1,\"name\":\"Home\",\"item\":\"https:\/\/avocationus.ro\/\"},{\"@type\":\"ListItem\",\"position\":2,\"name\":\"Drept public\"}]},{\"@type\":\"WebSite\",\"@id\":\"https:\/\/avocationus.ro\/#website\",\"url\":\"https:\/\/avocationus.ro\/\",\"name\":\"Cabinet de avocat Ionu\u0219\",\"description\":\"Echilibru \u0219i Seriozitate\",\"publisher\":{\"@id\":\"https:\/\/avocationus.ro\/#organization\"},\"potentialAction\":[{\"@type\":\"SearchAction\",\"target\":{\"@type\":\"EntryPoint\",\"urlTemplate\":\"https:\/\/avocationus.ro\/?s={search_term_string}\"},\"query-input\":\"required name=search_term_string\"}],\"inLanguage\":\"en-US\"},{\"@type\":\"Organization\",\"@id\":\"https:\/\/avocationus.ro\/#organization\",\"name\":\"Cabinet de avocat Ionu\u0219\",\"url\":\"https:\/\/avocationus.ro\/\",\"logo\":{\"@type\":\"ImageObject\",\"inLanguage\":\"en-US\",\"@id\":\"https:\/\/avocationus.ro\/#\/schema\/logo\/image\/\",\"url\":\"https:\/\/avocationus.ro\/wp-content\/uploads\/2023\/07\/cropped-cropped-logo-2-1.png\",\"contentUrl\":\"https:\/\/avocationus.ro\/wp-content\/uploads\/2023\/07\/cropped-cropped-logo-2-1.png\",\"width\":813,\"height\":142,\"caption\":\"Cabinet de avocat Ionu\u0219\"},\"image\":{\"@id\":\"https:\/\/avocationus.ro\/#\/schema\/logo\/image\/\"}}]}<\/script>\n<!-- \/ Yoast SEO plugin. -->","yoast_head_json":{"title":"Drept public - Cabinet de avocat Ionu\u0219","robots":{"index":"index","follow":"follow","max-snippet":"max-snippet:-1","max-image-preview":"max-image-preview:large","max-video-preview":"max-video-preview:-1"},"canonical":"https:\/\/avocationus.ro\/?page_id=1913","og_locale":"en_US","og_type":"article","og_title":"Drept public - Cabinet de avocat Ionu\u0219","og_description":"Drept penal Asisten\u021b\u0103 \u0219i reprezentare \u00een toate fazele procesuale penale(urm\u0103rire penal\u0103, camer\u0103 preliminar\u0103, instan\u021b\u0103); plangeri \u00eempotriva proceselor verbale de constatare \u0219i sanc\u021bionare a contraven\u021bilor; ordin de protec\u021bie Aflati mai mult Drept administrativ \u0219i fiscal Consiliere, consultan\u021b\u0103, asisten\u021b\u0103 \u0219i reprezentare \u00een vederea solu\u021bion\u0103rii litigilor ce privesc raporturile dintre organele administrative sau alte organe de stat \u00eentre [&hellip;]","og_url":"https:\/\/avocationus.ro\/?page_id=1913","og_site_name":"Cabinet de avocat Ionu\u0219","article_modified_time":"2023-07-26T19:57:21+00:00","og_image":[{"url":"https:\/\/avocationus.ro\/wp-content\/uploads\/2023\/07\/clipart986919-e1690228741554.png"}],"twitter_card":"summary_large_image","twitter_misc":{"Est. reading time":"1 minute"},"schema":{"@context":"https:\/\/schema.org","@graph":[{"@type":"WebPage","@id":"https:\/\/avocationus.ro\/?page_id=1913","url":"https:\/\/avocationus.ro\/?page_id=1913","name":"Drept public - Cabinet de avocat Ionu\u0219","isPartOf":{"@id":"https:\/\/avocationus.ro\/#website"},"datePublished":"2023-07-24T20:15:23+00:00","dateModified":"2023-07-26T19:57:21+00:00","breadcrumb":{"@id":"https:\/\/avocationus.ro\/?page_id=1913#breadcrumb"},"inLanguage":"en-US","potentialAction":[{"@type":"ReadAction","target":["https:\/\/avocationus.ro\/?page_id=1913"]}]},{"@type":"BreadcrumbList","@id":"https:\/\/avocationus.ro\/?page_id=1913#breadcrumb","itemListElement":[{"@type":"ListItem","position":1,"name":"Home","item":"https:\/\/avocationus.ro\/"},{"@type":"ListItem","position":2,"name":"Drept public"}]},{"@type":"WebSite","@id":"https:\/\/avocationus.ro\/#website","url":"https:\/\/avocationus.ro\/","name":"Cabinet de avocat Ionu\u0219","description":"Echilibru \u0219i Seriozitate","publisher":{"@id":"https:\/\/avocationus.ro\/#organization"},"potentialAction":[{"@type":"SearchAction","target":{"@type":"EntryPoint","urlTemplate":"https:\/\/avocationus.ro\/?s={search_term_string}"},"query-input":"required name=search_term_string"}],"inLanguage":"en-US"},{"@type":"Organization","@id":"https:\/\/avocationus.ro\/#organization","name":"Cabinet de avocat Ionu\u0219","url":"https:\/\/avocationus.ro\/","logo":{"@type":"ImageObject","inLanguage":"en-US","@id":"https:\/\/avocationus.ro\/#\/schema\/logo\/image\/","url":"https:\/\/avocationus.ro\/wp-content\/uploads\/2023\/07\/cropped-cropped-logo-2-1.png","contentUrl":"https:\/\/avocationus.ro\/wp-content\/uploads\/2023\/07\/cropped-cropped-logo-2-1.png","width":813,"height":142,"caption":"Cabinet de avocat Ionu\u0219"},"image":{"@id":"https:\/\/avocationus.ro\/#\/schema\/logo\/image\/"}}]}},"_links":{"self":[{"href":"https:\/\/avocationus.ro\/index.php?rest_route=\/wp\/v2\/pages\/1913","targetHints":{"allow":["GET"]}}],"collection":[{"href":"https:\/\/avocationus.ro\/index.php?rest_route=\/wp\/v2\/pages"}],"about":[{"href":"https:\/\/avocationus.ro\/index.php?rest_route=\/wp\/v2\/types\/page"}],"author":[{"embeddable":true,"href":"https:\/\/avocationus.ro\/index.php?rest_route=\/wp\/v2\/users\/1"}],"replies":[{"embeddable":true,"href":"https:\/\/avocationus.ro\/index.php?rest_route=%2Fwp%2Fv2%2Fcomments&post=1913"}],"version-history":[{"count":7,"href":"https:\/\/avocationus.ro\/index.php?rest_route=\/wp\/v2\/pages\/1913\/revisions"}],"predecessor-version":[{"id":2106,"href":"https:\/\/avocationus.ro\/index.php?rest_route=\/wp\/v2\/pages\/1913\/revisions\/2106"}],"wp:attachment":[{"href":"https:\/\/avocationus.ro\/index.php?rest_route=%2Fwp%2Fv2%2Fmedia&parent=1913"}],"curies":[{"name":"wp","href":"https:\/\/api.w.org\/{rel}","templated":true}]}}