{"id":18,"date":"2023-07-12T10:51:15","date_gmt":"2023-07-12T10:51:15","guid":{"rendered":"https:\/\/avocationus.ro\/?page_id=18"},"modified":"2024-06-16T14:19:06","modified_gmt":"2024-06-16T14:19:06","slug":"1-2","status":"publish","type":"page","link":"https:\/\/avocationus.ro\/?page_id=18","title":{"rendered":"av. Ionu\u0219 C-tin Florin"},"content":{"rendered":"\t\t<div data-elementor-type=\"wp-page\" data-elementor-id=\"18\" class=\"elementor elementor-18\">\n\t\t\t\t\t\t\t\t\t<section class=\"elementor-section elementor-top-section elementor-element elementor-element-6774e2b elementor-section-full_width elementor-section-stretched elementor-section-height-default elementor-section-height-default wpr-particle-no wpr-jarallax-no wpr-parallax-no wpr-sticky-section-no\" data-id=\"6774e2b\" data-element_type=\"section\" data-settings=\"{&quot;stretch_section&quot;:&quot;section-stretched&quot;}\">\n\t\t\t\t\t\t<div class=\"elementor-container elementor-column-gap-extended\">\n\t\t\t\t\t<div class=\"elementor-column elementor-col-100 elementor-top-column elementor-element elementor-element-7022242\" data-id=\"7022242\" data-element_type=\"column\">\n\t\t\t<div class=\"elementor-widget-wrap elementor-element-populated\">\n\t\t\t\t\t\t\t\t<section class=\"elementor-section elementor-inner-section elementor-element elementor-element-cdc1295 elementor-section-boxed elementor-section-height-default elementor-section-height-default wpr-particle-no wpr-jarallax-no wpr-parallax-no wpr-sticky-section-no\" data-id=\"cdc1295\" data-element_type=\"section\">\n\t\t\t\t\t\t<div class=\"elementor-container elementor-column-gap-extended\">\n\t\t\t\t\t<div class=\"elementor-column elementor-col-50 elementor-inner-column elementor-element elementor-element-26ad901\" data-id=\"26ad901\" data-element_type=\"column\">\n\t\t\t<div class=\"elementor-widget-wrap elementor-element-populated\">\n\t\t\t\t\t\t\t\t<div class=\"elementor-element elementor-element-da54a5c elementor-widget__width-initial elementor-widget elementor-widget-image\" data-id=\"da54a5c\" data-element_type=\"widget\" data-widget_type=\"image.default\">\n\t\t\t\t<div class=\"elementor-widget-container\">\n\t\t\t<style>\/*! elementor - v3.14.0 - 26-06-2023 *\/\n.elementor-widget-image{text-align:center}.elementor-widget-image a{display:inline-block}.elementor-widget-image a img[src$=\".svg\"]{width:48px}.elementor-widget-image img{vertical-align:middle;display:inline-block}<\/style>\t\t\t\t\t\t\t\t\t\t\t\t<img loading=\"lazy\" decoding=\"async\" width=\"1022\" height=\"1024\" src=\"https:\/\/avocationus.ro\/wp-content\/uploads\/2023\/07\/IMG_3996-1022x1024.jpg\" class=\"attachment-large size-large wp-image-686\" alt=\"\" srcset=\"https:\/\/avocationus.ro\/wp-content\/uploads\/2023\/07\/IMG_3996-1022x1024.jpg 1022w, https:\/\/avocationus.ro\/wp-content\/uploads\/2023\/07\/IMG_3996-300x300.jpg 300w, https:\/\/avocationus.ro\/wp-content\/uploads\/2023\/07\/IMG_3996-150x150.jpg 150w, https:\/\/avocationus.ro\/wp-content\/uploads\/2023\/07\/IMG_3996-768x769.jpg 768w, https:\/\/avocationus.ro\/wp-content\/uploads\/2023\/07\/IMG_3996.jpg 1242w\" sizes=\"auto, (max-width: 1022px) 100vw, 1022px\" \/>\t\t\t\t\t\t\t\t\t\t\t\t\t\t\t<\/div>\n\t\t\t\t<\/div>\n\t\t\t\t\t<\/div>\n\t\t<\/div>\n\t\t\t\t<div class=\"elementor-column elementor-col-50 elementor-inner-column elementor-element elementor-element-34207f5\" data-id=\"34207f5\" data-element_type=\"column\">\n\t\t\t<div class=\"elementor-widget-wrap elementor-element-populated\">\n\t\t\t\t\t\t\t\t<div class=\"elementor-element elementor-element-4297052 elementor-widget__width-initial elementor-widget elementor-widget-text-editor\" data-id=\"4297052\" data-element_type=\"widget\" data-widget_type=\"text-editor.default\">\n\t\t\t\t<div class=\"elementor-widget-container\">\n\t\t\t<style>\/*! elementor - v3.14.0 - 26-06-2023 *\/\n.elementor-widget-text-editor.elementor-drop-cap-view-stacked .elementor-drop-cap{background-color:#69727d;color:#fff}.elementor-widget-text-editor.elementor-drop-cap-view-framed .elementor-drop-cap{color:#69727d;border:3px solid;background-color:transparent}.elementor-widget-text-editor:not(.elementor-drop-cap-view-default) .elementor-drop-cap{margin-top:8px}.elementor-widget-text-editor:not(.elementor-drop-cap-view-default) .elementor-drop-cap-letter{width:1em;height:1em}.elementor-widget-text-editor .elementor-drop-cap{float:left;text-align:center;line-height:1;font-size:50px}.elementor-widget-text-editor .elementor-drop-cap-letter{display:inline-block}<\/style>\t\t\t\t<p style=\"text-align: left;\">\u00a0 \u00a0 \u00a0 \u00a0Domnul avocat Florin Ionu\u0219 a consiliat \u0219i asistat clien\u021bii \u00een fa\u021ba instan\u021belor rom\u00e2ne at\u00e2t \u00een dosare individuale, c\u00e2t \u0219i colective, cuprinz\u00e2nd \u00een cei peste 17 ani de experien\u021b\u0103 domenii de practic\u0103 diverse din dreptul civil, dreptul penal, dreptul administrativ, contencios fiscal, etc. Expertiza \u0219i profesionalismul domnului avocat Florin Ionu\u0219 se circumscriu motto-ului Cabinetului nostru de avocatur\u0103 \u2013 <i>\u201eEchilibru \u0219i seriozitate\u201d.<\/i><\/p><p><strong>Studii:<span class=\"Apple-converted-space\">\u00a0<\/span><\/strong><\/p><ul><li>Licen\u021b\u0103: Facultatea de Drept, Universitatea Lucian Blaga Sibiu<\/li><\/ul><p>Experien\u021b\u0103 profesional\u0103: peste 17 ani<\/p><p>Limbi str\u0103ine: Englez\u0103, German\u0103<\/p><p>Membru \u00een Baroul Sibiu din 01.01.2007<\/p>\t\t\t\t\t\t<\/div>\n\t\t\t\t<\/div>\n\t\t\t\t\t<\/div>\n\t\t<\/div>\n\t\t\t\t\t\t\t<\/div>\n\t\t<\/section>\n\t\t\t\t\t<\/div>\n\t\t<\/div>\n\t\t\t\t\t\t\t<\/div>\n\t\t<\/section>\n\t\t\t\t\t\t\t<\/div>\n\t\t","protected":false},"excerpt":{"rendered":"<p>\u00a0 \u00a0 \u00a0 \u00a0Domnul avocat Florin Ionu\u0219 a consiliat \u0219i asistat clien\u021bii \u00een fa\u021ba instan\u021belor rom\u00e2ne at\u00e2t \u00een dosare individuale, c\u00e2t \u0219i colective, cuprinz\u00e2nd \u00een cei peste 17 ani de experien\u021b\u0103 domenii de practic\u0103 diverse din dreptul civil, dreptul penal, dreptul administrativ, contencios fiscal, etc. Expertiza \u0219i profesionalismul domnului avocat Florin Ionu\u0219 se circumscriu motto-ului [&hellip;]<\/p>\n","protected":false},"author":1,"featured_media":0,"parent":0,"menu_order":0,"comment_status":"closed","ping_status":"closed","template":"","meta":{"_monsterinsights_skip_tracking":false,"_monsterinsights_sitenote_active":false,"_monsterinsights_sitenote_note":"","_monsterinsights_sitenote_category":0,"footnotes":""},"class_list":["post-18","page","type-page","status-publish","hentry"],"yoast_head":"<!-- This site is optimized with the Yoast SEO plugin v20.11 - https:\/\/yoast.com\/wordpress\/plugins\/seo\/ -->\n<title>av. Ionu\u0219 C-tin Florin - Cabinet de avocat Ionu\u0219<\/title>\n<meta name=\"robots\" content=\"index, follow, max-snippet:-1, max-image-preview:large, max-video-preview:-1\" \/>\n<link rel=\"canonical\" href=\"https:\/\/avocationus.ro\/?page_id=18\" \/>\n<meta property=\"og:locale\" content=\"en_US\" \/>\n<meta property=\"og:type\" content=\"article\" \/>\n<meta property=\"og:title\" content=\"av. Ionu\u0219 C-tin Florin - Cabinet de avocat Ionu\u0219\" \/>\n<meta property=\"og:description\" content=\"\u00a0 \u00a0 \u00a0 \u00a0Domnul avocat Florin Ionu\u0219 a consiliat \u0219i asistat clien\u021bii \u00een fa\u021ba instan\u021belor rom\u00e2ne at\u00e2t \u00een dosare individuale, c\u00e2t \u0219i colective, cuprinz\u00e2nd \u00een cei peste 17 ani de experien\u021b\u0103 domenii de practic\u0103 diverse din dreptul civil, dreptul penal, dreptul administrativ, contencios fiscal, etc. Expertiza \u0219i profesionalismul domnului avocat Florin Ionu\u0219 se circumscriu motto-ului [&hellip;]\" \/>\n<meta property=\"og:url\" content=\"https:\/\/avocationus.ro\/?page_id=18\" \/>\n<meta property=\"og:site_name\" content=\"Cabinet de avocat Ionu\u0219\" \/>\n<meta property=\"article:modified_time\" content=\"2024-06-16T14:19:06+00:00\" \/>\n<meta property=\"og:image\" content=\"https:\/\/avocationus.ro\/wp-content\/uploads\/2023\/07\/IMG_3996-1022x1024.jpg\" \/>\n<meta name=\"twitter:card\" content=\"summary_large_image\" \/>\n<meta name=\"twitter:label1\" content=\"Est. reading time\" \/>\n\t<meta name=\"twitter:data1\" content=\"1 minute\" \/>\n<script type=\"application\/ld+json\" class=\"yoast-schema-graph\">{\"@context\":\"https:\/\/schema.org\",\"@graph\":[{\"@type\":\"WebPage\",\"@id\":\"https:\/\/avocationus.ro\/?page_id=18\",\"url\":\"https:\/\/avocationus.ro\/?page_id=18\",\"name\":\"av. Ionu\u0219 C-tin Florin - Cabinet de avocat Ionu\u0219\",\"isPartOf\":{\"@id\":\"https:\/\/avocationus.ro\/#website\"},\"datePublished\":\"2023-07-12T10:51:15+00:00\",\"dateModified\":\"2024-06-16T14:19:06+00:00\",\"breadcrumb\":{\"@id\":\"https:\/\/avocationus.ro\/?page_id=18#breadcrumb\"},\"inLanguage\":\"en-US\",\"potentialAction\":[{\"@type\":\"ReadAction\",\"target\":[\"https:\/\/avocationus.ro\/?page_id=18\"]}]},{\"@type\":\"BreadcrumbList\",\"@id\":\"https:\/\/avocationus.ro\/?page_id=18#breadcrumb\",\"itemListElement\":[{\"@type\":\"ListItem\",\"position\":1,\"name\":\"Home\",\"item\":\"https:\/\/avocationus.ro\/\"},{\"@type\":\"ListItem\",\"position\":2,\"name\":\"av. Ionu\u0219 C-tin Florin\"}]},{\"@type\":\"WebSite\",\"@id\":\"https:\/\/avocationus.ro\/#website\",\"url\":\"https:\/\/avocationus.ro\/\",\"name\":\"Cabinet de avocat Ionu\u0219\",\"description\":\"Echilibru \u0219i Seriozitate\",\"publisher\":{\"@id\":\"https:\/\/avocationus.ro\/#organization\"},\"potentialAction\":[{\"@type\":\"SearchAction\",\"target\":{\"@type\":\"EntryPoint\",\"urlTemplate\":\"https:\/\/avocationus.ro\/?s={search_term_string}\"},\"query-input\":\"required name=search_term_string\"}],\"inLanguage\":\"en-US\"},{\"@type\":\"Organization\",\"@id\":\"https:\/\/avocationus.ro\/#organization\",\"name\":\"Cabinet de avocat Ionu\u0219\",\"url\":\"https:\/\/avocationus.ro\/\",\"logo\":{\"@type\":\"ImageObject\",\"inLanguage\":\"en-US\",\"@id\":\"https:\/\/avocationus.ro\/#\/schema\/logo\/image\/\",\"url\":\"https:\/\/avocationus.ro\/wp-content\/uploads\/2023\/07\/cropped-cropped-logo-2-1.png\",\"contentUrl\":\"https:\/\/avocationus.ro\/wp-content\/uploads\/2023\/07\/cropped-cropped-logo-2-1.png\",\"width\":813,\"height\":142,\"caption\":\"Cabinet de avocat Ionu\u0219\"},\"image\":{\"@id\":\"https:\/\/avocationus.ro\/#\/schema\/logo\/image\/\"}}]}<\/script>\n<!-- \/ Yoast SEO plugin. -->","yoast_head_json":{"title":"av. Ionu\u0219 C-tin Florin - Cabinet de avocat Ionu\u0219","robots":{"index":"index","follow":"follow","max-snippet":"max-snippet:-1","max-image-preview":"max-image-preview:large","max-video-preview":"max-video-preview:-1"},"canonical":"https:\/\/avocationus.ro\/?page_id=18","og_locale":"en_US","og_type":"article","og_title":"av. Ionu\u0219 C-tin Florin - Cabinet de avocat Ionu\u0219","og_description":"\u00a0 \u00a0 \u00a0 \u00a0Domnul avocat Florin Ionu\u0219 a consiliat \u0219i asistat clien\u021bii \u00een fa\u021ba instan\u021belor rom\u00e2ne at\u00e2t \u00een dosare individuale, c\u00e2t \u0219i colective, cuprinz\u00e2nd \u00een cei peste 17 ani de experien\u021b\u0103 domenii de practic\u0103 diverse din dreptul civil, dreptul penal, dreptul administrativ, contencios fiscal, etc. Expertiza \u0219i profesionalismul domnului avocat Florin Ionu\u0219 se circumscriu motto-ului [&hellip;]","og_url":"https:\/\/avocationus.ro\/?page_id=18","og_site_name":"Cabinet de avocat Ionu\u0219","article_modified_time":"2024-06-16T14:19:06+00:00","og_image":[{"url":"https:\/\/avocationus.ro\/wp-content\/uploads\/2023\/07\/IMG_3996-1022x1024.jpg"}],"twitter_card":"summary_large_image","twitter_misc":{"Est. reading time":"1 minute"},"schema":{"@context":"https:\/\/schema.org","@graph":[{"@type":"WebPage","@id":"https:\/\/avocationus.ro\/?page_id=18","url":"https:\/\/avocationus.ro\/?page_id=18","name":"av. Ionu\u0219 C-tin Florin - Cabinet de avocat Ionu\u0219","isPartOf":{"@id":"https:\/\/avocationus.ro\/#website"},"datePublished":"2023-07-12T10:51:15+00:00","dateModified":"2024-06-16T14:19:06+00:00","breadcrumb":{"@id":"https:\/\/avocationus.ro\/?page_id=18#breadcrumb"},"inLanguage":"en-US","potentialAction":[{"@type":"ReadAction","target":["https:\/\/avocationus.ro\/?page_id=18"]}]},{"@type":"BreadcrumbList","@id":"https:\/\/avocationus.ro\/?page_id=18#breadcrumb","itemListElement":[{"@type":"ListItem","position":1,"name":"Home","item":"https:\/\/avocationus.ro\/"},{"@type":"ListItem","position":2,"name":"av. Ionu\u0219 C-tin Florin"}]},{"@type":"WebSite","@id":"https:\/\/avocationus.ro\/#website","url":"https:\/\/avocationus.ro\/","name":"Cabinet de avocat Ionu\u0219","description":"Echilibru \u0219i Seriozitate","publisher":{"@id":"https:\/\/avocationus.ro\/#organization"},"potentialAction":[{"@type":"SearchAction","target":{"@type":"EntryPoint","urlTemplate":"https:\/\/avocationus.ro\/?s={search_term_string}"},"query-input":"required name=search_term_string"}],"inLanguage":"en-US"},{"@type":"Organization","@id":"https:\/\/avocationus.ro\/#organization","name":"Cabinet de avocat Ionu\u0219","url":"https:\/\/avocationus.ro\/","logo":{"@type":"ImageObject","inLanguage":"en-US","@id":"https:\/\/avocationus.ro\/#\/schema\/logo\/image\/","url":"https:\/\/avocationus.ro\/wp-content\/uploads\/2023\/07\/cropped-cropped-logo-2-1.png","contentUrl":"https:\/\/avocationus.ro\/wp-content\/uploads\/2023\/07\/cropped-cropped-logo-2-1.png","width":813,"height":142,"caption":"Cabinet de avocat Ionu\u0219"},"image":{"@id":"https:\/\/avocationus.ro\/#\/schema\/logo\/image\/"}}]}},"_links":{"self":[{"href":"https:\/\/avocationus.ro\/index.php?rest_route=\/wp\/v2\/pages\/18","targetHints":{"allow":["GET"]}}],"collection":[{"href":"https:\/\/avocationus.ro\/index.php?rest_route=\/wp\/v2\/pages"}],"about":[{"href":"https:\/\/avocationus.ro\/index.php?rest_route=\/wp\/v2\/types\/page"}],"author":[{"embeddable":true,"href":"https:\/\/avocationus.ro\/index.php?rest_route=\/wp\/v2\/users\/1"}],"replies":[{"embeddable":true,"href":"https:\/\/avocationus.ro\/index.php?rest_route=%2Fwp%2Fv2%2Fcomments&post=18"}],"version-history":[{"count":32,"href":"https:\/\/avocationus.ro\/index.php?rest_route=\/wp\/v2\/pages\/18\/revisions"}],"predecessor-version":[{"id":2165,"href":"https:\/\/avocationus.ro\/index.php?rest_route=\/wp\/v2\/pages\/18\/revisions\/2165"}],"wp:attachment":[{"href":"https:\/\/avocationus.ro\/index.php?rest_route=%2Fwp%2Fv2%2Fmedia&parent=18"}],"curies":[{"name":"wp","href":"https:\/\/api.w.org\/{rel}","templated":true}]}}