{"id":131,"date":"2023-07-13T11:54:35","date_gmt":"2023-07-13T11:54:35","guid":{"rendered":"https:\/\/avocationus.ro\/?page_id=131"},"modified":"2023-07-27T16:05:57","modified_gmt":"2023-07-27T16:05:57","slug":"politica-de-confidentialitate","status":"publish","type":"page","link":"https:\/\/avocationus.ro\/?page_id=131","title":{"rendered":"Politica de confiden\u021bialitate"},"content":{"rendered":"\t\t<div data-elementor-type=\"wp-page\" data-elementor-id=\"131\" class=\"elementor elementor-131\">\n\t\t\t\t\t\t\t\t\t<section class=\"elementor-section elementor-top-section elementor-element elementor-element-353fe60 elementor-section-stretched elementor-section-boxed elementor-section-height-default elementor-section-height-default wpr-particle-no wpr-jarallax-no wpr-parallax-no wpr-sticky-section-no\" data-id=\"353fe60\" data-element_type=\"section\" data-settings=\"{&quot;stretch_section&quot;:&quot;section-stretched&quot;}\">\n\t\t\t\t\t\t<div class=\"elementor-container elementor-column-gap-default\">\n\t\t\t\t\t<div class=\"elementor-column elementor-col-100 elementor-top-column elementor-element elementor-element-6a1bbbe\" data-id=\"6a1bbbe\" data-element_type=\"column\">\n\t\t\t<div class=\"elementor-widget-wrap elementor-element-populated\">\n\t\t\t\t\t\t\t\t<div class=\"elementor-element elementor-element-9e61c04 elementor-widget elementor-widget-heading\" data-id=\"9e61c04\" data-element_type=\"widget\" data-widget_type=\"heading.default\">\n\t\t\t\t<div class=\"elementor-widget-container\">\n\t\t\t<style>\/*! elementor - v3.14.0 - 26-06-2023 *\/\n.elementor-heading-title{padding:0;margin:0;line-height:1}.elementor-widget-heading .elementor-heading-title[class*=elementor-size-]>a{color:inherit;font-size:inherit;line-height:inherit}.elementor-widget-heading .elementor-heading-title.elementor-size-small{font-size:15px}.elementor-widget-heading .elementor-heading-title.elementor-size-medium{font-size:19px}.elementor-widget-heading .elementor-heading-title.elementor-size-large{font-size:29px}.elementor-widget-heading .elementor-heading-title.elementor-size-xl{font-size:39px}.elementor-widget-heading .elementor-heading-title.elementor-size-xxl{font-size:59px}<\/style><h1 class=\"elementor-heading-title elementor-size-default\"> NOT\u0102 DE INFORMARE<\/h1>\t\t<\/div>\n\t\t\t\t<\/div>\n\t\t\t\t\t<\/div>\n\t\t<\/div>\n\t\t\t\t\t\t\t<\/div>\n\t\t<\/section>\n\t\t\t\t<section class=\"elementor-section elementor-top-section elementor-element elementor-element-a1106bc elementor-section-stretched elementor-section-boxed elementor-section-height-default elementor-section-height-default wpr-particle-no wpr-jarallax-no wpr-parallax-no wpr-sticky-section-no\" data-id=\"a1106bc\" data-element_type=\"section\" data-settings=\"{&quot;stretch_section&quot;:&quot;section-stretched&quot;}\">\n\t\t\t\t\t\t<div class=\"elementor-container elementor-column-gap-default\">\n\t\t\t\t\t<div class=\"elementor-column elementor-col-100 elementor-top-column elementor-element elementor-element-9880cac\" data-id=\"9880cac\" data-element_type=\"column\">\n\t\t\t<div class=\"elementor-widget-wrap elementor-element-populated\">\n\t\t\t\t\t\t\t\t<div class=\"elementor-element elementor-element-c5ba259 elementor-widget elementor-widget-text-editor\" data-id=\"c5ba259\" data-element_type=\"widget\" data-widget_type=\"text-editor.default\">\n\t\t\t\t<div class=\"elementor-widget-container\">\n\t\t\t<style>\/*! elementor - v3.14.0 - 26-06-2023 *\/\n.elementor-widget-text-editor.elementor-drop-cap-view-stacked .elementor-drop-cap{background-color:#69727d;color:#fff}.elementor-widget-text-editor.elementor-drop-cap-view-framed .elementor-drop-cap{color:#69727d;border:3px solid;background-color:transparent}.elementor-widget-text-editor:not(.elementor-drop-cap-view-default) .elementor-drop-cap{margin-top:8px}.elementor-widget-text-editor:not(.elementor-drop-cap-view-default) .elementor-drop-cap-letter{width:1em;height:1em}.elementor-widget-text-editor .elementor-drop-cap{float:left;text-align:center;line-height:1;font-size:50px}.elementor-widget-text-editor .elementor-drop-cap-letter{display:inline-block}<\/style>\t\t\t\t<p><b>\u00a0<\/b><\/p><p><b>\u00a0<\/b><\/p><p style=\"text-align: center;\">Cabinet individual de avocatur\u0103 IONU\u0218 CONSTANTIN FLORIN din cadrul Baroului Sibiu, cu sediul profesional \u00een Sibiu, strada Some\u0219ului nr. 2 v\u0103 aduce la cuno\u0219tin\u021b\u0103 urm\u0103toarele:<\/p><p>\u00a0<\/p><ol><li><b><\/b>Respect\u0103m dispozi\u021biile legale privitoare la protec\u021bia datelor cu caracter personal \u0219i punem \u00een aplicare m\u0103suri tehnice \u0219i organizatorice de protejare a tuturor opera\u021biunilor privitoare \u00een mod direct sau indirect la datele cu caracter personal, care previn prelucr\u0103rile neautorizate sau ilegale, precum \u0219i pierderile sau distrugerile accidentale sau ilegale.<\/li><\/ol><p>\u00a0<\/p><ol start=\"2\"><li><b><\/b>Prelucr\u0103m numele \u0219i prenumele dumneavoastr\u0103, domiciliul \u0219i codul numeric personal cuprinse \u00een contractul \u00eencheiat cu noi, pentru:<\/li><\/ol><p style=\"padding-left: 40px;\">&#8211; executarea contractului \u00eencheiat cu dumneavoastr\u0103, inclusiv realizarea activit\u0103\u021bilor efectuate de noi \u00een interesul dumneavoastr\u0103 \u00een virtutea contractului dintre noi;<\/p><p style=\"padding-left: 40px;\">&#8211; \u00eendeplinirea obliga\u021biilor fiscale legate de plata onorariului;<\/p><p style=\"padding-left: 40px;\">&#8211; redactarea \u00eenscrisurilor \u00een numele dumneavoastr\u0103, potrivit mandatului \u00eencredin\u021bat;<\/p><p style=\"padding-left: 40px;\">&#8211; \u00eenaintarea c\u0103tre instan\u021be \u0219i alte institu\u021bii, autorit\u0103\u021bi, organiza\u021bii \u0219i persoane fizice, din Rom\u00e2nia \u0219i din alte \u021b\u0103ri, \u00een calitate de reprezentant conven\u021bional sau ap\u0103r\u0103tor a cererilor \u0219i altor \u00eenscrisuri necesare execut\u0103rii mandatului \u00eencredin\u021bat;<\/p><p style=\"padding-left: 40px;\">&#8211; \u00eendeplinirea obliga\u021biilor instituite de lege \u00een sarcina avoca\u021bilor;<\/p><p style=\"padding-left: 40px;\">&#8211; \u00eendeplinirea obliga\u021biei noastre profesionale de \u021binere a eviden\u021bei contractelor \u00eencheiate de forma de exercitate a profesiei de avocat.<\/p><p style=\"padding-left: 40px;\">Aceste date vor fi p\u0103strate pe durata \u021binerii eviden\u021belor profesionale avoca\u021biale.<\/p><p>\u00a0<\/p><ol start=\"3\"><li><b><\/b>Prelucr\u0103m num\u0103rul dumneavoastr\u0103 de telefon \u0219i adresa dumneavoastr\u0103 de e-mail, pentru:<\/li><\/ol><p style=\"padding-left: 40px;\">\u00a0&#8211; comunicarea cu dumneavoastr\u0103.<\/p><p style=\"padding-left: 40px;\">Aceste date vor fi p\u0103strate pe durata \u021binerii eviden\u021belor profesionale avoca\u021biale.<\/p><ul><li style=\"list-style-type: none;\">\u00a0<\/li><\/ul><ol start=\"4\"><li><b><\/b>Prelucr\u0103m datele cuprinse \u00een solicit\u0103rile \u0219i inform\u0103rile dumneavoastr\u0103 c\u0103tre noi \u0219i datele prepu\u0219ilor \u0219i ter\u021bilor cuprinse \u00een \u00eenscrisurile pe care ni le aduce\u021bi la cuno\u0219tin\u021b\u0103, pentru:<\/li><\/ol><p style=\"padding-left: 40px;\">&#8211; realizarea interesului dumneavoastr\u0103 legitim de a beneficia de asisten\u021b\u0103 juridic\u0103 \u0219i reprezentare avoca\u021bial\u0103;<\/p><p style=\"padding-left: 40px;\">&#8211; realizarea interesului public de realizare a serviciilor avoca\u021biale \u0219i scopurilor legitime ale avocatului.<\/p><p style=\"padding-left: 40px;\">Aceste date vor fi p\u0103strate pe durata execut\u0103rii contractului dintre dumneavoastr\u0103 \u0219i avocat.<\/p><p style=\"padding-left: 40px;\">\u00a0<\/p><ol start=\"5\"><li><b><\/b>Nu utiliz\u0103m datele cu caracter personal pentru prelucrare automatizat\u0103 \u0219i nici pentru realizarea de profile. Nu lu\u0103m niciodat\u0103 decizii automate cu privire la dumneavoastr\u0103. Utiliz\u0103m mijloace tehnice pentru stocarea datelor \u00een condi\u021bii de securitate. Nu prelucr\u0103m date \u00een scopuri secundare incompatibile cu scopurile pentru care le-am colectat.<\/li><\/ol><p>\u00a0<\/p><ol start=\"6\"><li><b><\/b>Respect\u0103m \u0219i asigur\u0103m \u00een mod strict secretul profesional. Nu dezv\u0103luim datele dec\u00e2t pentru realizarea intereselor dumneavoastr\u0103 sau \u00eendeplinirea obliga\u021biilor legale. Confiden\u021bialitatea este pentru noi nu doar o obliga\u021bie profesional\u0103 a avocatului, ci \u0219i o valoare esen\u021bial\u0103.<\/li><\/ol><p>\u00a0<\/p><ol start=\"7\"><li><b><\/b>Revizuim \u00een fiecare an datele colectate, analiz\u00e2nd \u00een ce m\u0103sur\u0103 p\u0103strarea lor este necesar\u0103 scopurilor men\u021bionate, intereselor dumneavoastr\u0103 legitime sau \u00eendeplinirii obliga\u021biilor legale de c\u0103tre avocat. Datele care nu mai sunt necesare vor fi \u0219terse.<\/li><\/ol><p>\u00a0<\/p><ol start=\"8\"><li>Beneficia\u021bi de dreptul de acces, interven\u021bie, rectificare \u0219i portare cu privire la datele pe care ni le furniza\u021bi, s\u0103 limita\u021bi prelucrarea realizat\u0103 de noi \u0219i chiar s\u0103 solicita\u021bi \u0219tergerea datelor. Men\u021bion\u0103m c\u0103 interven\u021bia asupra datelor pe care ni le-a\u021bi furnizat poate fi de natur\u0103 s\u0103 \u00eempiedice executarea contractului \u00eencheiat \u00eentre dumneavoastr\u0103 \u0219i avocat. \u00cen acest caz avocatul este exonerat de r\u0103spundere. V\u0103 rug\u0103m s\u0103 ne aduce\u021bi la cuno\u0219tin\u021b\u0103 solicit\u0103rile dumneavoastr\u0103, \u00een orice modalitate care este asigur\u0103toare cu privire la identitatea solicitantului \u0219i \u00eendrept\u0103\u021birea lui. V\u0103 vom r\u0103spunde ne\u00eent\u00e2rziat. Dac\u0103 sunte\u021bi nemul\u021bumit, ave\u021bi posibilitatea s\u0103 v\u0103 adresa\u021bi ANSPDCP.<\/li><\/ol><p>\u00a0<\/p><p style=\"text-align: center;\"><b>ECHIPA CABINET DE AVOCAT IONU\u0218 CONSTANTIN FLORIN<\/b><\/p>\t\t\t\t\t\t<\/div>\n\t\t\t\t<\/div>\n\t\t\t\t\t<\/div>\n\t\t<\/div>\n\t\t\t\t\t\t\t<\/div>\n\t\t<\/section>\n\t\t\t\t\t\t\t<\/div>\n\t\t","protected":false},"excerpt":{"rendered":"<p>NOT\u0102 DE INFORMARE \u00a0 \u00a0 Cabinet individual de avocatur\u0103 IONU\u0218 CONSTANTIN FLORIN din cadrul Baroului Sibiu, cu sediul profesional \u00een Sibiu, strada Some\u0219ului nr. 2 v\u0103 aduce la cuno\u0219tin\u021b\u0103 urm\u0103toarele: \u00a0 Respect\u0103m dispozi\u021biile legale privitoare la protec\u021bia datelor cu caracter personal \u0219i punem \u00een aplicare m\u0103suri tehnice \u0219i organizatorice de protejare a tuturor opera\u021biunilor privitoare [&hellip;]<\/p>\n","protected":false},"author":1,"featured_media":0,"parent":0,"menu_order":0,"comment_status":"closed","ping_status":"closed","template":"","meta":{"_monsterinsights_skip_tracking":false,"_monsterinsights_sitenote_active":false,"_monsterinsights_sitenote_note":"","_monsterinsights_sitenote_category":0,"footnotes":""},"class_list":["post-131","page","type-page","status-publish","hentry"],"yoast_head":"<!-- This site is optimized with the Yoast SEO plugin v20.11 - https:\/\/yoast.com\/wordpress\/plugins\/seo\/ -->\n<title>Politica de confiden\u021bialitate - Cabinet de avocat Ionu\u0219<\/title>\n<meta name=\"robots\" content=\"index, follow, max-snippet:-1, max-image-preview:large, max-video-preview:-1\" \/>\n<link rel=\"canonical\" href=\"https:\/\/avocationus.ro\/?page_id=131\" \/>\n<meta property=\"og:locale\" content=\"en_US\" \/>\n<meta property=\"og:type\" content=\"article\" \/>\n<meta property=\"og:title\" content=\"Politica de confiden\u021bialitate - Cabinet de avocat Ionu\u0219\" \/>\n<meta property=\"og:description\" content=\"NOT\u0102 DE INFORMARE \u00a0 \u00a0 Cabinet individual de avocatur\u0103 IONU\u0218 CONSTANTIN FLORIN din cadrul Baroului Sibiu, cu sediul profesional \u00een Sibiu, strada Some\u0219ului nr. 2 v\u0103 aduce la cuno\u0219tin\u021b\u0103 urm\u0103toarele: \u00a0 Respect\u0103m dispozi\u021biile legale privitoare la protec\u021bia datelor cu caracter personal \u0219i punem \u00een aplicare m\u0103suri tehnice \u0219i organizatorice de protejare a tuturor opera\u021biunilor privitoare [&hellip;]\" \/>\n<meta property=\"og:url\" content=\"https:\/\/avocationus.ro\/?page_id=131\" \/>\n<meta property=\"og:site_name\" content=\"Cabinet de avocat Ionu\u0219\" \/>\n<meta property=\"article:modified_time\" content=\"2023-07-27T16:05:57+00:00\" \/>\n<meta name=\"twitter:card\" content=\"summary_large_image\" \/>\n<meta name=\"twitter:label1\" content=\"Est. reading time\" \/>\n\t<meta name=\"twitter:data1\" content=\"3 minutes\" \/>\n<script type=\"application\/ld+json\" class=\"yoast-schema-graph\">{\"@context\":\"https:\/\/schema.org\",\"@graph\":[{\"@type\":\"WebPage\",\"@id\":\"https:\/\/avocationus.ro\/?page_id=131\",\"url\":\"https:\/\/avocationus.ro\/?page_id=131\",\"name\":\"Politica de confiden\u021bialitate - Cabinet de avocat Ionu\u0219\",\"isPartOf\":{\"@id\":\"https:\/\/avocationus.ro\/#website\"},\"datePublished\":\"2023-07-13T11:54:35+00:00\",\"dateModified\":\"2023-07-27T16:05:57+00:00\",\"breadcrumb\":{\"@id\":\"https:\/\/avocationus.ro\/?page_id=131#breadcrumb\"},\"inLanguage\":\"en-US\",\"potentialAction\":[{\"@type\":\"ReadAction\",\"target\":[\"https:\/\/avocationus.ro\/?page_id=131\"]}]},{\"@type\":\"BreadcrumbList\",\"@id\":\"https:\/\/avocationus.ro\/?page_id=131#breadcrumb\",\"itemListElement\":[{\"@type\":\"ListItem\",\"position\":1,\"name\":\"Home\",\"item\":\"https:\/\/avocationus.ro\/\"},{\"@type\":\"ListItem\",\"position\":2,\"name\":\"Politica de confiden\u021bialitate\"}]},{\"@type\":\"WebSite\",\"@id\":\"https:\/\/avocationus.ro\/#website\",\"url\":\"https:\/\/avocationus.ro\/\",\"name\":\"Cabinet de avocat Ionu\u0219\",\"description\":\"Echilibru \u0219i Seriozitate\",\"publisher\":{\"@id\":\"https:\/\/avocationus.ro\/#organization\"},\"potentialAction\":[{\"@type\":\"SearchAction\",\"target\":{\"@type\":\"EntryPoint\",\"urlTemplate\":\"https:\/\/avocationus.ro\/?s={search_term_string}\"},\"query-input\":\"required name=search_term_string\"}],\"inLanguage\":\"en-US\"},{\"@type\":\"Organization\",\"@id\":\"https:\/\/avocationus.ro\/#organization\",\"name\":\"Cabinet de avocat Ionu\u0219\",\"url\":\"https:\/\/avocationus.ro\/\",\"logo\":{\"@type\":\"ImageObject\",\"inLanguage\":\"en-US\",\"@id\":\"https:\/\/avocationus.ro\/#\/schema\/logo\/image\/\",\"url\":\"https:\/\/avocationus.ro\/wp-content\/uploads\/2023\/07\/cropped-cropped-logo-2-1.png\",\"contentUrl\":\"https:\/\/avocationus.ro\/wp-content\/uploads\/2023\/07\/cropped-cropped-logo-2-1.png\",\"width\":813,\"height\":142,\"caption\":\"Cabinet de avocat Ionu\u0219\"},\"image\":{\"@id\":\"https:\/\/avocationus.ro\/#\/schema\/logo\/image\/\"}}]}<\/script>\n<!-- \/ Yoast SEO plugin. -->","yoast_head_json":{"title":"Politica de confiden\u021bialitate - Cabinet de avocat Ionu\u0219","robots":{"index":"index","follow":"follow","max-snippet":"max-snippet:-1","max-image-preview":"max-image-preview:large","max-video-preview":"max-video-preview:-1"},"canonical":"https:\/\/avocationus.ro\/?page_id=131","og_locale":"en_US","og_type":"article","og_title":"Politica de confiden\u021bialitate - Cabinet de avocat Ionu\u0219","og_description":"NOT\u0102 DE INFORMARE \u00a0 \u00a0 Cabinet individual de avocatur\u0103 IONU\u0218 CONSTANTIN FLORIN din cadrul Baroului Sibiu, cu sediul profesional \u00een Sibiu, strada Some\u0219ului nr. 2 v\u0103 aduce la cuno\u0219tin\u021b\u0103 urm\u0103toarele: \u00a0 Respect\u0103m dispozi\u021biile legale privitoare la protec\u021bia datelor cu caracter personal \u0219i punem \u00een aplicare m\u0103suri tehnice \u0219i organizatorice de protejare a tuturor opera\u021biunilor privitoare [&hellip;]","og_url":"https:\/\/avocationus.ro\/?page_id=131","og_site_name":"Cabinet de avocat Ionu\u0219","article_modified_time":"2023-07-27T16:05:57+00:00","twitter_card":"summary_large_image","twitter_misc":{"Est. reading time":"3 minutes"},"schema":{"@context":"https:\/\/schema.org","@graph":[{"@type":"WebPage","@id":"https:\/\/avocationus.ro\/?page_id=131","url":"https:\/\/avocationus.ro\/?page_id=131","name":"Politica de confiden\u021bialitate - Cabinet de avocat Ionu\u0219","isPartOf":{"@id":"https:\/\/avocationus.ro\/#website"},"datePublished":"2023-07-13T11:54:35+00:00","dateModified":"2023-07-27T16:05:57+00:00","breadcrumb":{"@id":"https:\/\/avocationus.ro\/?page_id=131#breadcrumb"},"inLanguage":"en-US","potentialAction":[{"@type":"ReadAction","target":["https:\/\/avocationus.ro\/?page_id=131"]}]},{"@type":"BreadcrumbList","@id":"https:\/\/avocationus.ro\/?page_id=131#breadcrumb","itemListElement":[{"@type":"ListItem","position":1,"name":"Home","item":"https:\/\/avocationus.ro\/"},{"@type":"ListItem","position":2,"name":"Politica de confiden\u021bialitate"}]},{"@type":"WebSite","@id":"https:\/\/avocationus.ro\/#website","url":"https:\/\/avocationus.ro\/","name":"Cabinet de avocat Ionu\u0219","description":"Echilibru \u0219i Seriozitate","publisher":{"@id":"https:\/\/avocationus.ro\/#organization"},"potentialAction":[{"@type":"SearchAction","target":{"@type":"EntryPoint","urlTemplate":"https:\/\/avocationus.ro\/?s={search_term_string}"},"query-input":"required name=search_term_string"}],"inLanguage":"en-US"},{"@type":"Organization","@id":"https:\/\/avocationus.ro\/#organization","name":"Cabinet de avocat Ionu\u0219","url":"https:\/\/avocationus.ro\/","logo":{"@type":"ImageObject","inLanguage":"en-US","@id":"https:\/\/avocationus.ro\/#\/schema\/logo\/image\/","url":"https:\/\/avocationus.ro\/wp-content\/uploads\/2023\/07\/cropped-cropped-logo-2-1.png","contentUrl":"https:\/\/avocationus.ro\/wp-content\/uploads\/2023\/07\/cropped-cropped-logo-2-1.png","width":813,"height":142,"caption":"Cabinet de avocat Ionu\u0219"},"image":{"@id":"https:\/\/avocationus.ro\/#\/schema\/logo\/image\/"}}]}},"_links":{"self":[{"href":"https:\/\/avocationus.ro\/index.php?rest_route=\/wp\/v2\/pages\/131","targetHints":{"allow":["GET"]}}],"collection":[{"href":"https:\/\/avocationus.ro\/index.php?rest_route=\/wp\/v2\/pages"}],"about":[{"href":"https:\/\/avocationus.ro\/index.php?rest_route=\/wp\/v2\/types\/page"}],"author":[{"embeddable":true,"href":"https:\/\/avocationus.ro\/index.php?rest_route=\/wp\/v2\/users\/1"}],"replies":[{"embeddable":true,"href":"https:\/\/avocationus.ro\/index.php?rest_route=%2Fwp%2Fv2%2Fcomments&post=131"}],"version-history":[{"count":28,"href":"https:\/\/avocationus.ro\/index.php?rest_route=\/wp\/v2\/pages\/131\/revisions"}],"predecessor-version":[{"id":2091,"href":"https:\/\/avocationus.ro\/index.php?rest_route=\/wp\/v2\/pages\/131\/revisions\/2091"}],"wp:attachment":[{"href":"https:\/\/avocationus.ro\/index.php?rest_route=%2Fwp%2Fv2%2Fmedia&parent=131"}],"curies":[{"name":"wp","href":"https:\/\/api.w.org\/{rel}","templated":true}]}}